{"id":386,"date":"2021-03-31T10:42:47","date_gmt":"2021-03-31T10:42:47","guid":{"rendered":"https:\/\/pedracor.es\/?page_id=386"},"modified":"2021-11-18T12:55:37","modified_gmt":"2021-11-18T12:55:37","slug":"servicios","status":"publish","type":"page","link":"https:\/\/pedracor.es\/?page_id=386","title":{"rendered":"Galer\u00eda"},"content":{"rendered":"\t\t<div data-elementor-type=\"wp-page\" data-elementor-id=\"386\" class=\"elementor elementor-386\" data-elementor-settings=\"[]\">\n\t\t\t\t\t\t\t<div class=\"elementor-section-wrap\">\n\t\t\t\t\t\t\t<section class=\"elementor-section elementor-top-section elementor-element elementor-element-5306e55f elementor-section-boxed elementor-section-height-default elementor-section-height-default\" data-id=\"5306e55f\" data-element_type=\"section\" data-settings=\"{&quot;background_background&quot;:&quot;classic&quot;,&quot;animation&quot;:&quot;none&quot;}\">\n\t\t\t\t\t\t\t<div class=\"elementor-background-overlay\"><\/div>\n\t\t\t\t\t\t\t<div class=\"elementor-container elementor-column-gap-no\">\n\t\t\t\t\t<div class=\"elementor-column elementor-col-100 elementor-top-column elementor-element elementor-element-4d6c0e06\" data-id=\"4d6c0e06\" data-element_type=\"column\">\n\t\t\t<div class=\"elementor-widget-wrap elementor-element-populated\">\n\t\t\t\t\t\t\t\t<div class=\"elementor-element elementor-element-ed47a65 animated-slow elementor-absolute elementor-invisible elementor-widget elementor-widget-heading\" data-id=\"ed47a65\" data-element_type=\"widget\" data-settings=\"{&quot;_animation&quot;:&quot;fadeIn&quot;,&quot;_position&quot;:&quot;absolute&quot;}\" data-widget_type=\"heading.default\">\n\t\t\t\t<div class=\"elementor-widget-container\">\n\t\t\t<h1 class=\"elementor-heading-title elementor-size-small\">servicios<\/h1>\t\t<\/div>\n\t\t\t\t<\/div>\n\t\t\t\t\t<\/div>\n\t\t<\/div>\n\t\t\t\t\t\t\t<\/div>\n\t\t<\/section>\n\t\t\t\t<section class=\"elementor-section elementor-top-section elementor-element elementor-element-69377af0 elementor-section-boxed elementor-section-height-default elementor-section-height-default\" data-id=\"69377af0\" data-element_type=\"section\">\n\t\t\t\t\t\t<div class=\"elementor-container elementor-column-gap-no\">\n\t\t\t\t\t<div class=\"elementor-column elementor-col-100 elementor-top-column elementor-element elementor-element-4ff54802\" data-id=\"4ff54802\" data-element_type=\"column\">\n\t\t\t<div class=\"elementor-widget-wrap elementor-element-populated\">\n\t\t\t\t\t\t\t\t<div class=\"elementor-element elementor-element-7b5c32ee elementor-widget elementor-widget-heading\" data-id=\"7b5c32ee\" data-element_type=\"widget\" data-widget_type=\"heading.default\">\n\t\t\t\t<div class=\"elementor-widget-container\">\n\t\t\t<h2 class=\"elementor-heading-title elementor-size-large\">Nuestros servicios<\/h2>\t\t<\/div>\n\t\t\t\t<\/div>\n\t\t\t\t<section class=\"elementor-section elementor-inner-section elementor-element elementor-element-3828e763 elementor-section-boxed elementor-section-height-default elementor-section-height-default\" data-id=\"3828e763\" data-element_type=\"section\" data-settings=\"{&quot;background_background&quot;:&quot;classic&quot;}\">\n\t\t\t\t\t\t<div class=\"elementor-container elementor-column-gap-no\">\n\t\t\t\t\t<div class=\"elementor-column elementor-col-33 elementor-inner-column elementor-element elementor-element-72817dc1\" data-id=\"72817dc1\" data-element_type=\"column\" data-settings=\"{&quot;background_background&quot;:&quot;classic&quot;}\">\n\t\t\t<div class=\"elementor-widget-wrap elementor-element-populated\">\n\t\t\t\t\t\t\t\t<div class=\"elementor-element elementor-element-413975b7 elementor-widget elementor-widget-image\" data-id=\"413975b7\" data-element_type=\"widget\" data-widget_type=\"image.default\">\n\t\t\t\t<div class=\"elementor-widget-container\">\n\t\t\t\t\t<div class=\"elementor-image\">\n\t\t\t\t\t\t\t\t\t\t<img loading=\"lazy\" decoding=\"async\" width=\"2560\" height=\"1922\" src=\"https:\/\/pedracor.es\/wp-content\/uploads\/2021\/07\/1619813112529-min-scaled.jpg\" class=\"attachment-full size-full\" alt=\"\" srcset=\"https:\/\/pedracor.es\/wp-content\/uploads\/2021\/07\/1619813112529-min-scaled.jpg 2560w, https:\/\/pedracor.es\/wp-content\/uploads\/2021\/07\/1619813112529-min-300x225.jpg 300w, https:\/\/pedracor.es\/wp-content\/uploads\/2021\/07\/1619813112529-min-1024x769.jpg 1024w, https:\/\/pedracor.es\/wp-content\/uploads\/2021\/07\/1619813112529-min-768x577.jpg 768w, https:\/\/pedracor.es\/wp-content\/uploads\/2021\/07\/1619813112529-min-1536x1153.jpg 1536w, https:\/\/pedracor.es\/wp-content\/uploads\/2021\/07\/1619813112529-min-2048x1538.jpg 2048w\" sizes=\"auto, (max-width: 2560px) 100vw, 2560px\" \/>\t\t\t\t\t\t\t\t\t\t\t<\/div>\n\t\t\t\t<\/div>\n\t\t\t\t<\/div>\n\t\t\t\t<div class=\"elementor-element elementor-element-53674750 elementor-widget elementor-widget-heading\" data-id=\"53674750\" data-element_type=\"widget\" data-widget_type=\"heading.default\">\n\t\t\t\t<div class=\"elementor-widget-container\">\n\t\t\t<h3 class=\"elementor-heading-title elementor-size-large\">Producci\u00f3n, venta y transporte de material<\/h3>\t\t<\/div>\n\t\t\t\t<\/div>\n\t\t\t\t<div class=\"elementor-element elementor-element-329dd9c9 elementor-widget-divider--view-line elementor-widget elementor-widget-divider\" data-id=\"329dd9c9\" data-element_type=\"widget\" data-widget_type=\"divider.default\">\n\t\t\t\t<div class=\"elementor-widget-container\">\n\t\t\t\t\t<div class=\"elementor-divider\">\n\t\t\t<span class=\"elementor-divider-separator\">\n\t\t\t\t\t\t<\/span>\n\t\t<\/div>\n\t\t\t\t<\/div>\n\t\t\t\t<\/div>\n\t\t\t\t<div class=\"elementor-element elementor-element-5a840589 elementor-widget elementor-widget-text-editor\" data-id=\"5a840589\" data-element_type=\"widget\" data-widget_type=\"text-editor.default\">\n\t\t\t\t<div class=\"elementor-widget-container\">\n\t\t\t\t\t<div class=\"elementor-text-editor elementor-clearfix\"><p>Disponemos de camiones de 40 y 30\u2122 para transportar \u00e1rido gran\u00edtico, saulo y escollera.<\/p><\/div>\n\t\t\t\t<\/div>\n\t\t\t\t<\/div>\n\t\t\t\t\t<\/div>\n\t\t<\/div>\n\t\t\t\t<div class=\"elementor-column elementor-col-33 elementor-inner-column elementor-element elementor-element-70cd4a7f\" data-id=\"70cd4a7f\" data-element_type=\"column\" data-settings=\"{&quot;background_background&quot;:&quot;classic&quot;}\">\n\t\t\t<div class=\"elementor-widget-wrap elementor-element-populated\">\n\t\t\t\t\t\t\t\t<div class=\"elementor-element elementor-element-7b480e0 elementor-widget elementor-widget-image\" data-id=\"7b480e0\" data-element_type=\"widget\" data-widget_type=\"image.default\">\n\t\t\t\t<div class=\"elementor-widget-container\">\n\t\t\t\t\t<div class=\"elementor-image\">\n\t\t\t\t\t\t\t\t\t\t<img loading=\"lazy\" decoding=\"async\" width=\"2560\" height=\"1440\" src=\"https:\/\/pedracor.es\/wp-content\/uploads\/2021\/07\/SAMSUNG-MAYO-2016-2-3-4-049.jpg\" class=\"attachment-full size-full\" alt=\"\" srcset=\"https:\/\/pedracor.es\/wp-content\/uploads\/2021\/07\/SAMSUNG-MAYO-2016-2-3-4-049.jpg 2560w, https:\/\/pedracor.es\/wp-content\/uploads\/2021\/07\/SAMSUNG-MAYO-2016-2-3-4-049-300x169.jpg 300w, https:\/\/pedracor.es\/wp-content\/uploads\/2021\/07\/SAMSUNG-MAYO-2016-2-3-4-049-1024x576.jpg 1024w, https:\/\/pedracor.es\/wp-content\/uploads\/2021\/07\/SAMSUNG-MAYO-2016-2-3-4-049-768x432.jpg 768w, https:\/\/pedracor.es\/wp-content\/uploads\/2021\/07\/SAMSUNG-MAYO-2016-2-3-4-049-1536x864.jpg 1536w, https:\/\/pedracor.es\/wp-content\/uploads\/2021\/07\/SAMSUNG-MAYO-2016-2-3-4-049-2048x1152.jpg 2048w\" sizes=\"auto, (max-width: 2560px) 100vw, 2560px\" \/>\t\t\t\t\t\t\t\t\t\t\t<\/div>\n\t\t\t\t<\/div>\n\t\t\t\t<\/div>\n\t\t\t\t<div class=\"elementor-element elementor-element-22bc8c61 elementor-widget elementor-widget-heading\" data-id=\"22bc8c61\" data-element_type=\"widget\" data-widget_type=\"heading.default\">\n\t\t\t\t<div class=\"elementor-widget-container\">\n\t\t\t<h3 class=\"elementor-heading-title elementor-size-large\">Planta de hormig\u00f3n<\/h3>\t\t<\/div>\n\t\t\t\t<\/div>\n\t\t\t\t<div class=\"elementor-element elementor-element-3254bafb elementor-widget-divider--view-line elementor-widget elementor-widget-divider\" data-id=\"3254bafb\" data-element_type=\"widget\" data-widget_type=\"divider.default\">\n\t\t\t\t<div class=\"elementor-widget-container\">\n\t\t\t\t\t<div class=\"elementor-divider\">\n\t\t\t<span class=\"elementor-divider-separator\">\n\t\t\t\t\t\t<\/span>\n\t\t<\/div>\n\t\t\t\t<\/div>\n\t\t\t\t<\/div>\n\t\t\t\t<div class=\"elementor-element elementor-element-7e9c97c3 elementor-widget elementor-widget-text-editor\" data-id=\"7e9c97c3\" data-element_type=\"widget\" data-widget_type=\"text-editor.default\">\n\t\t\t\t<div class=\"elementor-widget-container\">\n\t\t\t\t\t<div class=\"elementor-text-editor elementor-clearfix\"><p>Producimos hormig\u00f3n y lo transportamos. Disponemos de hormigoneras de 6 y 8 m\u00b3.<\/p><\/div>\n\t\t\t\t<\/div>\n\t\t\t\t<\/div>\n\t\t\t\t\t<\/div>\n\t\t<\/div>\n\t\t\t\t<div class=\"elementor-column elementor-col-33 elementor-inner-column elementor-element elementor-element-0a64ea2\" data-id=\"0a64ea2\" data-element_type=\"column\" data-settings=\"{&quot;background_background&quot;:&quot;classic&quot;}\">\n\t\t\t<div class=\"elementor-widget-wrap elementor-element-populated\">\n\t\t\t\t\t\t\t\t<div class=\"elementor-element elementor-element-460317b elementor-widget elementor-widget-image\" data-id=\"460317b\" data-element_type=\"widget\" data-widget_type=\"image.default\">\n\t\t\t\t<div class=\"elementor-widget-container\">\n\t\t\t\t\t<div class=\"elementor-image\">\n\t\t\t\t\t\t\t\t\t\t<img loading=\"lazy\" decoding=\"async\" width=\"2308\" height=\"2380\" src=\"https:\/\/pedracor.es\/wp-content\/uploads\/2021\/11\/IMG_20211110_123734.jpg\" class=\"attachment-full size-full\" alt=\"\" srcset=\"https:\/\/pedracor.es\/wp-content\/uploads\/2021\/11\/IMG_20211110_123734.jpg 2308w, https:\/\/pedracor.es\/wp-content\/uploads\/2021\/11\/IMG_20211110_123734-291x300.jpg 291w, https:\/\/pedracor.es\/wp-content\/uploads\/2021\/11\/IMG_20211110_123734-993x1024.jpg 993w, https:\/\/pedracor.es\/wp-content\/uploads\/2021\/11\/IMG_20211110_123734-768x792.jpg 768w, https:\/\/pedracor.es\/wp-content\/uploads\/2021\/11\/IMG_20211110_123734-1490x1536.jpg 1490w, https:\/\/pedracor.es\/wp-content\/uploads\/2021\/11\/IMG_20211110_123734-1986x2048.jpg 1986w\" sizes=\"auto, (max-width: 2308px) 100vw, 2308px\" \/>\t\t\t\t\t\t\t\t\t\t\t<\/div>\n\t\t\t\t<\/div>\n\t\t\t\t<\/div>\n\t\t\t\t<div class=\"elementor-element elementor-element-4ed0f00 elementor-widget elementor-widget-heading\" data-id=\"4ed0f00\" data-element_type=\"widget\" data-widget_type=\"heading.default\">\n\t\t\t\t<div class=\"elementor-widget-container\">\n\t\t\t<h3 class=\"elementor-heading-title elementor-size-large\">Cami\u00f3n grua<\/h3>\t\t<\/div>\n\t\t\t\t<\/div>\n\t\t\t\t<div class=\"elementor-element elementor-element-894a1b0 elementor-widget-divider--view-line elementor-widget elementor-widget-divider\" data-id=\"894a1b0\" data-element_type=\"widget\" data-widget_type=\"divider.default\">\n\t\t\t\t<div class=\"elementor-widget-container\">\n\t\t\t\t\t<div class=\"elementor-divider\">\n\t\t\t<span class=\"elementor-divider-separator\">\n\t\t\t\t\t\t<\/span>\n\t\t<\/div>\n\t\t\t\t<\/div>\n\t\t\t\t<\/div>\n\t\t\t\t<div class=\"elementor-element elementor-element-972922a elementor-widget elementor-widget-text-editor\" data-id=\"972922a\" data-element_type=\"widget\" data-widget_type=\"text-editor.default\">\n\t\t\t\t<div class=\"elementor-widget-container\">\n\t\t\t\t\t<div class=\"elementor-text-editor elementor-clearfix\"><p><span style=\"font-style: inherit; font-weight: inherit;\">Disponemos de un cami\u00f3n con gr\u00faa PM40 SP.<\/span><\/p><\/div>\n\t\t\t\t<\/div>\n\t\t\t\t<\/div>\n\t\t\t\t\t<\/div>\n\t\t<\/div>\n\t\t\t\t\t\t\t<\/div>\n\t\t<\/section>\n\t\t\t\t\t<\/div>\n\t\t<\/div>\n\t\t\t\t\t\t\t<\/div>\n\t\t<\/section>\n\t\t\t\t<section class=\"elementor-section elementor-top-section elementor-element elementor-element-fa95b36 elementor-section-boxed elementor-section-height-default elementor-section-height-default\" data-id=\"fa95b36\" data-element_type=\"section\">\n\t\t\t\t\t\t<div class=\"elementor-container elementor-column-gap-default\">\n\t\t\t\t\t<div class=\"elementor-column elementor-col-100 elementor-top-column elementor-element elementor-element-4285a067\" data-id=\"4285a067\" data-element_type=\"column\">\n\t\t\t<div class=\"elementor-widget-wrap elementor-element-populated\">\n\t\t\t\t\t\t\t\t<section class=\"elementor-section elementor-inner-section elementor-element elementor-element-cb6a15d elementor-reverse-mobile elementor-section-boxed elementor-section-height-default elementor-section-height-default\" data-id=\"cb6a15d\" data-element_type=\"section\">\n\t\t\t\t\t\t<div class=\"elementor-container elementor-column-gap-wider\">\n\t\t\t\t\t<div class=\"elementor-column elementor-col-100 elementor-inner-column elementor-element elementor-element-3091efbd\" data-id=\"3091efbd\" data-element_type=\"column\">\n\t\t\t<div class=\"elementor-widget-wrap elementor-element-populated\">\n\t\t\t\t\t\t\t\t<div class=\"elementor-element elementor-element-92263ff elementor-arrows-position-inside elementor-pagination-position-outside elementor-widget elementor-widget-image-carousel\" data-id=\"92263ff\" data-element_type=\"widget\" data-settings=\"{&quot;_animation&quot;:&quot;none&quot;,&quot;navigation&quot;:&quot;both&quot;,&quot;autoplay&quot;:&quot;yes&quot;,&quot;pause_on_hover&quot;:&quot;yes&quot;,&quot;pause_on_interaction&quot;:&quot;yes&quot;,&quot;autoplay_speed&quot;:5000,&quot;infinite&quot;:&quot;yes&quot;,&quot;speed&quot;:500}\" data-widget_type=\"image-carousel.default\">\n\t\t\t\t<div class=\"elementor-widget-container\">\n\t\t\t\t\t<div class=\"elementor-image-carousel-wrapper swiper-container\" dir=\"ltr\">\n\t\t\t<div class=\"elementor-image-carousel swiper-wrapper\">\n\t\t\t\t<div class=\"swiper-slide\"><a data-elementor-open-lightbox=\"yes\" data-elementor-lightbox-slideshow=\"92263ff\" data-elementor-lightbox-title=\"Mercedes Actros 8x6 4144\" href=\"https:\/\/pedracor.es\/wp-content\/uploads\/2021\/07\/1619705610311-1-scaled.jpg\"><figure class=\"swiper-slide-inner\"><img decoding=\"async\" class=\"swiper-slide-image\" src=\"https:\/\/pedracor.es\/wp-content\/uploads\/2021\/07\/1619705610311-1-300x225.jpg\" alt=\"Mercedes Actros 8x6 4144\" \/><\/figure><\/a><\/div><div class=\"swiper-slide\"><a data-elementor-open-lightbox=\"yes\" data-elementor-lightbox-slideshow=\"92263ff\" data-elementor-lightbox-title=\"Volvo FM 440\" href=\"https:\/\/pedracor.es\/wp-content\/uploads\/2021\/11\/1619813112529-min.jpg-buena.jpg-com-scaled.jpg\"><figure class=\"swiper-slide-inner\"><img decoding=\"async\" class=\"swiper-slide-image\" src=\"https:\/\/pedracor.es\/wp-content\/uploads\/2021\/11\/1619813112529-min.jpg-buena.jpg-com-300x225.jpg\" alt=\"Volvo FM 440\" \/><\/figure><\/a><\/div><div class=\"swiper-slide\"><a data-elementor-open-lightbox=\"yes\" data-elementor-lightbox-slideshow=\"92263ff\" data-elementor-lightbox-title=\"Man TGX 460\" href=\"https:\/\/pedracor.es\/wp-content\/uploads\/2021\/11\/1619813112579-min.jpg-comp.jpg-buena-scaled.jpg\"><figure class=\"swiper-slide-inner\"><img decoding=\"async\" class=\"swiper-slide-image\" src=\"https:\/\/pedracor.es\/wp-content\/uploads\/2021\/11\/1619813112579-min.jpg-comp.jpg-buena-300x225.jpg\" alt=\"Man TGX 460\" \/><\/figure><\/a><\/div><div class=\"swiper-slide\"><a data-elementor-open-lightbox=\"yes\" data-elementor-lightbox-slideshow=\"92263ff\" data-elementor-lightbox-title=\"Volvo FM 440\" href=\"https:\/\/pedracor.es\/wp-content\/uploads\/2021\/11\/1619813112548-min.jpg-buena.jpg-comp-scaled.jpg\"><figure class=\"swiper-slide-inner\"><img decoding=\"async\" class=\"swiper-slide-image\" src=\"https:\/\/pedracor.es\/wp-content\/uploads\/2021\/11\/1619813112548-min.jpg-buena.jpg-comp-225x300.jpg\" alt=\"Volvo FM 440\" \/><\/figure><\/a><\/div><div class=\"swiper-slide\"><a data-elementor-open-lightbox=\"yes\" data-elementor-lightbox-slideshow=\"92263ff\" data-elementor-lightbox-title=\"Mercedes Actros 4x4 2040\" href=\"https:\/\/pedracor.es\/wp-content\/uploads\/2021\/11\/1619705610229.jpg-buenaa-scaled.jpg\"><figure class=\"swiper-slide-inner\"><img decoding=\"async\" class=\"swiper-slide-image\" src=\"https:\/\/pedracor.es\/wp-content\/uploads\/2021\/11\/1619705610229.jpg-buenaa-225x300.jpg\" alt=\"Mercedes Actros 4x4 2040\" \/><\/figure><\/a><\/div><div class=\"swiper-slide\"><a data-elementor-open-lightbox=\"yes\" data-elementor-lightbox-slideshow=\"92263ff\" data-elementor-lightbox-title=\"Hormigoneras Mercedes-Benz de 6 y 8 m3.\" href=\"https:\/\/pedracor.es\/wp-content\/uploads\/2021\/11\/sin-matricula.jpg\"><figure class=\"swiper-slide-inner\"><img decoding=\"async\" class=\"swiper-slide-image\" src=\"https:\/\/pedracor.es\/wp-content\/uploads\/2021\/11\/sin-matricula-300x169.jpg\" alt=\"Hormigoneras Mercedes-Benz de 6 y 8 m3.\" \/><\/figure><\/a><\/div><div class=\"swiper-slide\"><a data-elementor-open-lightbox=\"yes\" data-elementor-lightbox-slideshow=\"92263ff\" data-elementor-lightbox-title=\"Traylers 40\u2122\" href=\"https:\/\/pedracor.es\/wp-content\/uploads\/2021\/07\/SAMSUNG-MAYO-2016-2-3-4-056.jpg\"><figure class=\"swiper-slide-inner\"><img decoding=\"async\" class=\"swiper-slide-image\" src=\"https:\/\/pedracor.es\/wp-content\/uploads\/2021\/07\/SAMSUNG-MAYO-2016-2-3-4-056-300x169.jpg\" alt=\"Traylers 40\u2122\" \/><\/figure><\/a><\/div><div class=\"swiper-slide\"><a data-elementor-open-lightbox=\"yes\" data-elementor-lightbox-slideshow=\"92263ff\" data-elementor-lightbox-title=\"Planta de hormig\u00f3n\" href=\"https:\/\/pedracor.es\/wp-content\/uploads\/2021\/07\/SAMSUNG-MAYO-2016-2-3-4-060.jpg\"><figure class=\"swiper-slide-inner\"><img decoding=\"async\" class=\"swiper-slide-image\" src=\"https:\/\/pedracor.es\/wp-content\/uploads\/2021\/07\/SAMSUNG-MAYO-2016-2-3-4-060-300x169.jpg\" alt=\"Planta de hormig\u00f3n\" \/><\/figure><\/a><\/div><div class=\"swiper-slide\"><a data-elementor-open-lightbox=\"yes\" data-elementor-lightbox-slideshow=\"92263ff\" data-elementor-lightbox-title=\"Hormigonera\" href=\"https:\/\/pedracor.es\/wp-content\/uploads\/2021\/07\/SAMSUNG-MAYO-2016-2-3-4-564.jpg\"><figure class=\"swiper-slide-inner\"><img decoding=\"async\" class=\"swiper-slide-image\" src=\"https:\/\/pedracor.es\/wp-content\/uploads\/2021\/07\/SAMSUNG-MAYO-2016-2-3-4-564-300x169.jpg\" alt=\"Hormigonera\" \/><\/figure><\/a><\/div><div class=\"swiper-slide\"><a data-elementor-open-lightbox=\"yes\" data-elementor-lightbox-slideshow=\"92263ff\" data-elementor-lightbox-title=\"Cargando cuba de hormig\u00f3n.\" href=\"https:\/\/pedracor.es\/wp-content\/uploads\/2021\/07\/SAMSUNG-MAYO-2016-2-3-4-565.jpg\"><figure class=\"swiper-slide-inner\"><img decoding=\"async\" class=\"swiper-slide-image\" src=\"https:\/\/pedracor.es\/wp-content\/uploads\/2021\/07\/SAMSUNG-MAYO-2016-2-3-4-565-300x169.jpg\" alt=\"Cargando cuba de hormig\u00f3n.\" \/><\/figure><\/a><\/div><div class=\"swiper-slide\"><a data-elementor-open-lightbox=\"yes\" data-elementor-lightbox-slideshow=\"92263ff\" data-elementor-lightbox-title=\"Mercedes-Benz  3336 K\" href=\"https:\/\/pedracor.es\/wp-content\/uploads\/2021\/11\/MB-3336-K-3392-DNG.jpg\"><figure class=\"swiper-slide-inner\"><img decoding=\"async\" class=\"swiper-slide-image\" src=\"https:\/\/pedracor.es\/wp-content\/uploads\/2021\/11\/MB-3336-K-3392-DNG-300x269.jpg\" alt=\"Mercedes-Benz  3336 K\" \/><\/figure><\/a><\/div><div class=\"swiper-slide\"><a data-elementor-open-lightbox=\"yes\" data-elementor-lightbox-slideshow=\"92263ff\" data-elementor-lightbox-title=\"Cami\u00f3n gr\u00faa MAN TGA 41400 8x4 PM40 SP\" href=\"https:\/\/pedracor.es\/wp-content\/uploads\/2021\/11\/camion-pluma-buena.jpg\"><figure class=\"swiper-slide-inner\"><img decoding=\"async\" class=\"swiper-slide-image\" src=\"https:\/\/pedracor.es\/wp-content\/uploads\/2021\/11\/camion-pluma-buena-291x300.jpg\" alt=\"Cami\u00f3n gr\u00faa MAN TGA 41400 8x4 PM40 SP\" \/><\/figure><\/a><\/div>\t\t\t<\/div>\n\t\t\t\t\t\t\t\t\t\t\t\t<div class=\"swiper-pagination\"><\/div>\n\t\t\t\t\t\t\t\t\t\t\t\t\t<div class=\"elementor-swiper-button elementor-swiper-button-prev\">\n\t\t\t\t\t\t<i class=\"eicon-chevron-left\" aria-hidden=\"true\"><\/i>\n\t\t\t\t\t\t<span class=\"elementor-screen-only\">Anterior<\/span>\n\t\t\t\t\t<\/div>\n\t\t\t\t\t<div class=\"elementor-swiper-button elementor-swiper-button-next\">\n\t\t\t\t\t\t<i class=\"eicon-chevron-right\" aria-hidden=\"true\"><\/i>\n\t\t\t\t\t\t<span class=\"elementor-screen-only\">Siguiente<\/span>\n\t\t\t\t\t<\/div>\n\t\t\t\t\t\t\t\t\t<\/div>\n\t\t\t\t<\/div>\n\t\t\t\t<\/div>\n\t\t\t\t\t<\/div>\n\t\t<\/div>\n\t\t\t\t\t\t\t<\/div>\n\t\t<\/section>\n\t\t\t\t\t<\/div>\n\t\t<\/div>\n\t\t\t\t\t\t\t<\/div>\n\t\t<\/section>\n\t\t\t\t\t\t<\/div>\n\t\t\t\t\t<\/div>\n\t\t","protected":false},"excerpt":{"rendered":"<p>servicios Nuestros servicios Producci\u00f3n, venta y transporte de material Disponemos de camiones de 40 y 30\u2122 para transportar \u00e1rido gran\u00edtico, saulo y escollera. Planta de hormig\u00f3n Producimos hormig\u00f3n y lo transportamos. Disponemos de hormigoneras de 6 y 8 m\u00b3. Cami\u00f3n grua Disponemos de un cami\u00f3n con gr\u00faa PM40 SP. Anterior Siguiente<\/p>\n","protected":false},"author":1,"featured_media":0,"parent":0,"menu_order":0,"comment_status":"closed","ping_status":"closed","template":"","meta":{"footnotes":""},"class_list":["post-386","page","type-page","status-publish","hentry"],"yoast_head":"<!-- This site is optimized with the Yoast SEO plugin v16.0.2 - https:\/\/yoast.com\/wordpress\/plugins\/seo\/ -->\n<title>Servicios - Pedracor<\/title>\n<meta name=\"description\" content=\"Producci\u00f3n, venta y transporte de material. Producci\u00f3n y transporte de hormig\u00f3n. Cami\u00f3n gr\u00faa con pluma de 40tm.\" \/>\n<link rel=\"canonical\" href=\"https:\/\/pedracor.es\/?page_id=386\" \/>\n<meta property=\"og:locale\" content=\"es_ES\" \/>\n<meta property=\"og:type\" content=\"article\" \/>\n<meta property=\"og:title\" content=\"Servicios - Pedracor\" \/>\n<meta property=\"og:description\" content=\"Producci\u00f3n, venta y transporte de material. Producci\u00f3n y transporte de hormig\u00f3n. Cami\u00f3n gr\u00faa con pluma de 40tm.\" \/>\n<meta property=\"og:url\" content=\"https:\/\/pedracor.es\/?page_id=386\" \/>\n<meta property=\"og:site_name\" content=\"Pedracor\" \/>\n<meta property=\"article:modified_time\" content=\"2021-11-18T12:55:37+00:00\" \/>\n<meta property=\"og:image\" content=\"https:\/\/pedracor.es\/wp-content\/uploads\/2021\/07\/1619813112529-min-scaled.jpg\" \/>\n<meta name=\"twitter:card\" content=\"summary_large_image\" \/>\n<meta name=\"twitter:label1\" content=\"Tiempo de lectura\">\n\t<meta name=\"twitter:data1\" content=\"5 minutos\">\n<script type=\"application\/ld+json\" class=\"yoast-schema-graph\">{\"@context\":\"https:\/\/schema.org\",\"@graph\":[{\"@type\":\"WebSite\",\"@id\":\"https:\/\/pedracor.es\/#website\",\"url\":\"https:\/\/pedracor.es\/\",\"name\":\"Pedracor\",\"description\":\"PEDRACOR S.A., es una sociedad fundada en 1988, dedicada a la extracci\\u00f3n y comercializaci\\u00f3n de piedra gran\\u00edtica, con transporte si se requiere y fabricaci\\u00f3n de hormig\\u00f3n.\",\"potentialAction\":[{\"@type\":\"SearchAction\",\"target\":\"https:\/\/pedracor.es\/?s={search_term_string}\",\"query-input\":\"required name=search_term_string\"}],\"inLanguage\":\"es\"},{\"@type\":\"ImageObject\",\"@id\":\"https:\/\/pedracor.es\/?page_id=386#primaryimage\",\"inLanguage\":\"es\",\"url\":\"https:\/\/pedracor.es\/wp-content\/uploads\/2021\/07\/1619813112529-min-scaled.jpg\",\"width\":2560,\"height\":1922,\"caption\":\"Trayler 40\\u2122\"},{\"@type\":\"WebPage\",\"@id\":\"https:\/\/pedracor.es\/?page_id=386#webpage\",\"url\":\"https:\/\/pedracor.es\/?page_id=386\",\"name\":\"Servicios - Pedracor\",\"isPartOf\":{\"@id\":\"https:\/\/pedracor.es\/#website\"},\"primaryImageOfPage\":{\"@id\":\"https:\/\/pedracor.es\/?page_id=386#primaryimage\"},\"datePublished\":\"2021-03-31T10:42:47+00:00\",\"dateModified\":\"2021-11-18T12:55:37+00:00\",\"description\":\"Producci\\u00f3n, venta y transporte de material. Producci\\u00f3n y transporte de hormig\\u00f3n. Cami\\u00f3n gr\\u00faa con pluma de 40tm.\",\"breadcrumb\":{\"@id\":\"https:\/\/pedracor.es\/?page_id=386#breadcrumb\"},\"inLanguage\":\"es\",\"potentialAction\":[{\"@type\":\"ReadAction\",\"target\":[\"https:\/\/pedracor.es\/?page_id=386\"]}]},{\"@type\":\"BreadcrumbList\",\"@id\":\"https:\/\/pedracor.es\/?page_id=386#breadcrumb\",\"itemListElement\":[{\"@type\":\"ListItem\",\"position\":1,\"item\":{\"@type\":\"WebPage\",\"@id\":\"https:\/\/pedracor.es\/\",\"url\":\"https:\/\/pedracor.es\/\",\"name\":\"Portada\"}},{\"@type\":\"ListItem\",\"position\":2,\"item\":{\"@type\":\"WebPage\",\"@id\":\"https:\/\/pedracor.es\/?page_id=386\",\"url\":\"https:\/\/pedracor.es\/?page_id=386\",\"name\":\"Galer\\u00eda\"}}]}]}<\/script>\n<!-- \/ Yoast SEO plugin. -->","_links":{"self":[{"href":"https:\/\/pedracor.es\/index.php?rest_route=\/wp\/v2\/pages\/386","targetHints":{"allow":["GET"]}}],"collection":[{"href":"https:\/\/pedracor.es\/index.php?rest_route=\/wp\/v2\/pages"}],"about":[{"href":"https:\/\/pedracor.es\/index.php?rest_route=\/wp\/v2\/types\/page"}],"author":[{"embeddable":true,"href":"https:\/\/pedracor.es\/index.php?rest_route=\/wp\/v2\/users\/1"}],"replies":[{"embeddable":true,"href":"https:\/\/pedracor.es\/index.php?rest_route=%2Fwp%2Fv2%2Fcomments&post=386"}],"version-history":[{"count":167,"href":"https:\/\/pedracor.es\/index.php?rest_route=\/wp\/v2\/pages\/386\/revisions"}],"predecessor-version":[{"id":1124,"href":"https:\/\/pedracor.es\/index.php?rest_route=\/wp\/v2\/pages\/386\/revisions\/1124"}],"wp:attachment":[{"href":"https:\/\/pedracor.es\/index.php?rest_route=%2Fwp%2Fv2%2Fmedia&parent=386"}],"curies":[{"name":"wp","href":"https:\/\/api.w.org\/{rel}","templated":true}]}}